{"id":1487,"date":"2022-12-26T16:00:41","date_gmt":"2022-12-26T19:00:41","guid":{"rendered":"https:\/\/anaestelahaddad.com.br\/site\/?page_id=1487"},"modified":"2025-05-02T18:10:05","modified_gmt":"2025-05-02T21:10:05","slug":"academico","status":"publish","type":"page","link":"https:\/\/anaestelahaddad.com.br\/site\/academico\/","title":{"rendered":"Acad\u00eamico"},"content":{"rendered":"\t\t<div data-elementor-type=\"wp-page\" data-elementor-id=\"1487\" class=\"elementor elementor-1487\" data-elementor-post-type=\"page\">\n\t\t\t\t<div class=\"elementor-element elementor-element-ddd7707 e-flex e-con-boxed e-con e-parent\" data-id=\"ddd7707\" data-element_type=\"container\" data-e-type=\"container\" data-settings=\"{&quot;jet_parallax_layout_list&quot;:[]}\">\n\t\t\t\t\t<div class=\"e-con-inner\">\n\t\t\t\t<div class=\"elementor-element elementor-element-a3ac1c1 elementor-widget elementor-widget-text-editor\" data-id=\"a3ac1c1\" data-element_type=\"widget\" data-e-type=\"widget\" data-widget_type=\"text-editor.default\">\n\t\t\t\t\t\t\t\t\t<p>xx<\/p>\t\t\t\t\t\t\t\t<\/div>\n\t\t\t\t<div class=\"elementor-element elementor-element-bec7398 elementor-widget elementor-widget-heading\" data-id=\"bec7398\" data-element_type=\"widget\" data-e-type=\"widget\" data-widget_type=\"heading.default\">\n\t\t\t\t\t<h2 class=\"elementor-heading-title elementor-size-default\">Links<\/h2>\t\t\t\t<\/div>\n\t\t\t\t<div class=\"elementor-element elementor-element-085c842 link-und elementor-widget elementor-widget-text-editor\" data-id=\"085c842\" data-element_type=\"widget\" data-e-type=\"widget\" data-widget_type=\"text-editor.default\">\n\t\t\t\t\t\t\t\t\t<p><a href=\"https:\/\/sites.usp.br\/telessaude\/\" target=\"_blank\" rel=\"noopener\">https:\/\/sites.usp.br\/telessaude\/<\/a><\/p><p><a href=\"https:\/\/www.youtube.com\/telessaudeFOUSP-SAITE\" target=\"_blank\" rel=\"noreferrer noopener\">https:\/\/www.youtube.com\/telessaudeFOUSP-SAITE<\/a><\/p><p>Lattes:\u00a0<a href=\"http:\/\/lattes.cnpq.br\/5132173662388670\" target=\"_blank\" rel=\"noreferrer noopener\">http:\/\/lattes.cnpq.br\/5132173662388670\u00a0<\/a><\/p><p>WOS: ResearchID\u00a0<a href=\"https:\/\/publons.com\/wos-op\/researcher\/2670168\/ana-estela-haddad\/\" target=\"_blank\" rel=\"noreferrer noopener\">B-7193-2013<\/a><\/p><p>ORCID:<a href=\"https:\/\/orcid.org\/0000-0002-0693-9014\" target=\"_blank\" rel=\"noreferrer noopener\">\u00a0https:\/\/orcid.org\/0000-0002-0693-9014<\/a><\/p><p><a href=\"https:\/\/www.linkedin.com\/in\/ana-estela-haddad-815754112\/\" target=\"_blank\" rel=\"noreferrer noopener\">https:\/\/www.linkedin.com\/in\/ana-estela-haddad-815754112\/<\/a><\/p>\t\t\t\t\t\t\t\t<\/div>\n\t\t\t\t\t<\/div>\n\t\t\t\t<\/div>\n\t\t<div class=\"elementor-element elementor-element-0b94154 e-flex e-con-boxed e-con e-parent\" data-id=\"0b94154\" data-element_type=\"container\" data-e-type=\"container\" data-settings=\"{&quot;background_background&quot;:&quot;classic&quot;,&quot;jet_parallax_layout_list&quot;:[]}\">\n\t\t\t\t\t<div class=\"e-con-inner\">\n\t\t\t\t<div class=\"elementor-element elementor-element-046aa94 elementor-widget elementor-widget-heading\" data-id=\"046aa94\" data-element_type=\"widget\" data-e-type=\"widget\" data-widget_type=\"heading.default\">\n\t\t\t\t\t<h2 class=\"elementor-heading-title elementor-size-default\">Not\u00edcias<\/h2>\t\t\t\t<\/div>\n\t\t<div class=\"elementor-element elementor-element-38bc545 e-con-full e-flex e-con e-child\" data-id=\"38bc545\" data-element_type=\"container\" data-e-type=\"container\" data-settings=\"{&quot;jet_parallax_layout_list&quot;:[]}\">\n\t\t\t\t<div class=\"elementor-element elementor-element-a436218 elementor-grid-3 elementor-grid-tablet-2 elementor-grid-mobile-1 elementor-widget elementor-widget-loop-grid\" data-id=\"a436218\" data-element_type=\"widget\" data-e-type=\"widget\" data-settings=\"{&quot;template_id&quot;:&quot;4571&quot;,&quot;columns&quot;:3,&quot;row_gap&quot;:{&quot;unit&quot;:&quot;px&quot;,&quot;size&quot;:40,&quot;sizes&quot;:[]},&quot;row_gap_mobile&quot;:{&quot;unit&quot;:&quot;px&quot;,&quot;size&quot;:40,&quot;sizes&quot;:[]},&quot;_skin&quot;:&quot;post&quot;,&quot;columns_tablet&quot;:&quot;2&quot;,&quot;columns_mobile&quot;:&quot;1&quot;,&quot;edit_handle_selector&quot;:&quot;[data-elementor-type=\\&quot;loop-item\\&quot;]&quot;,&quot;row_gap_tablet&quot;:{&quot;unit&quot;:&quot;px&quot;,&quot;size&quot;:&quot;&quot;,&quot;sizes&quot;:[]}}\" data-widget_type=\"loop-grid.post\">\n\t\t\t\t\t\t\t<div class=\"elementor-loop-container elementor-grid\">\n\t\t<style id=\"loop-4571\">.elementor-4571 .elementor-element.elementor-element-4951c248{--display:flex;--padding-top:0px;--padding-bottom:0px;--padding-left:0px;--padding-right:0px;}.elementor-4571 .elementor-element.elementor-element-53c434c9{--display:flex;--margin-top:0px;--margin-bottom:35px;--margin-left:0px;--margin-right:0px;--padding-top:0px;--padding-bottom:0px;--padding-left:0px;--padding-right:0px;}.elementor-4571 .elementor-element.elementor-element-5a9c582a img{width:100%;height:240px;object-fit:cover;object-position:center center;}.elementor-4571 .elementor-element.elementor-element-56d2e2a7 .elementor-heading-title{font-family:\"Lato\", Sans-serif;font-size:1.125rem;font-weight:600;line-height:1.5em;color:#1E1E1E;}.elementor-4571 .elementor-element.elementor-element-56d2e2a7 .elementor-heading-title a:hover, .elementor-4571 .elementor-element.elementor-element-56d2e2a7 .elementor-heading-title a:focus{color:var( --e-global-color-accent );}.elementor-4571 .elementor-element.elementor-element-56d2e2a7{margin:16px 0px calc(var(--kit-widget-spacing, 0px) + 0px) 0px;}@media(max-width:1024px){.elementor-4571 .elementor-element.elementor-element-4951c248{--justify-content:space-between;}.elementor-4571 .elementor-element.elementor-element-53c434c9{--justify-content:flex-start;--margin-top:0px;--margin-bottom:20px;--margin-left:0px;--margin-right:0px;}}@media(max-width:767px){.elementor-4571 .elementor-element.elementor-element-4951c248{--gap:0px 0px;--row-gap:0px;--column-gap:0px;}}<\/style>\t\t<div data-elementor-type=\"loop-item\" data-elementor-id=\"4571\" class=\"elementor elementor-4571 e-loop-item e-loop-item-8327 post-8327 post type-post status-publish format-standard has-post-thumbnail hentry category-academico no-featured-image-padding\" data-elementor-post-type=\"elementor_library\" data-custom-edit-handle=\"1\">\n\t\t\t<div class=\"elementor-element elementor-element-4951c248 e-flex e-con-boxed e-con e-parent\" data-id=\"4951c248\" data-element_type=\"container\" data-e-type=\"container\" data-settings=\"{&quot;jet_parallax_layout_list&quot;:[]}\">\n\t\t\t\t\t<div class=\"e-con-inner\">\n\t\t<div class=\"elementor-element elementor-element-53c434c9 e-flex e-con-boxed e-con e-child\" data-id=\"53c434c9\" data-element_type=\"container\" data-e-type=\"container\" data-settings=\"{&quot;jet_parallax_layout_list&quot;:[]}\">\n\t\t\t\t\t<div class=\"e-con-inner\">\n\t\t\t\t<div class=\"elementor-element elementor-element-5a9c582a elementor-widget elementor-widget-theme-post-featured-image elementor-widget-image\" data-id=\"5a9c582a\" data-element_type=\"widget\" data-e-type=\"widget\" data-widget_type=\"theme-post-featured-image.default\">\n\t\t\t\t\t\t\t\t\t\t\t\t\t\t\t<img fetchpriority=\"high\" decoding=\"async\" width=\"1024\" height=\"1024\" src=\"https:\/\/anaestelahaddad.com.br\/site\/wp-content\/uploads\/2026\/03\/Aula_UNICAMP_01-1024x1024.jpeg\" class=\"attachment-large size-large wp-image-8328\" alt=\"Aula inaugural de 2026 do Programa de P\u00f3s-Gradua\u00e7\u00e3o em Sa\u00fade Coletiva da UNICAMP\" srcset=\"https:\/\/anaestelahaddad.com.br\/site\/wp-content\/uploads\/2026\/03\/Aula_UNICAMP_01-1024x1024.jpeg 1024w, https:\/\/anaestelahaddad.com.br\/site\/wp-content\/uploads\/2026\/03\/Aula_UNICAMP_01-300x300.jpeg 300w, https:\/\/anaestelahaddad.com.br\/site\/wp-content\/uploads\/2026\/03\/Aula_UNICAMP_01-150x150.jpeg 150w, https:\/\/anaestelahaddad.com.br\/site\/wp-content\/uploads\/2026\/03\/Aula_UNICAMP_01-768x768.jpeg 768w, https:\/\/anaestelahaddad.com.br\/site\/wp-content\/uploads\/2026\/03\/Aula_UNICAMP_01.jpeg 1280w\" sizes=\"(max-width: 1024px) 100vw, 1024px\" \/>\t\t\t\t\t\t\t\t\t\t\t\t\t\t\t<\/div>\n\t\t\t\t<div class=\"elementor-element elementor-element-56d2e2a7 elementor-widget elementor-widget-theme-post-title elementor-page-title elementor-widget-heading\" data-id=\"56d2e2a7\" data-element_type=\"widget\" data-e-type=\"widget\" data-widget_type=\"theme-post-title.default\">\n\t\t\t\t\t<h4 class=\"elementor-heading-title elementor-size-default\"><a href=\"https:\/\/anaestelahaddad.com.br\/site\/aula-inaugural-de-2026-do-programa-de-pos-graduacao-em-saude-coletiva-da-unicamp\/\">Aula inaugural de 2026 do Programa de P\u00f3s-Gradua\u00e7\u00e3o em Sa\u00fade Coletiva da UNICAMP<\/a><\/h4>\t\t\t\t<\/div>\n\t\t\t\t\t<\/div>\n\t\t\t\t<\/div>\n\t\t\t\t\t<\/div>\n\t\t\t\t<\/div>\n\t\t\t\t<\/div>\n\t\t\t\t<div data-elementor-type=\"loop-item\" data-elementor-id=\"4571\" class=\"elementor elementor-4571 e-loop-item e-loop-item-6924 post-6924 post type-post status-publish format-standard has-post-thumbnail hentry category-academico no-featured-image-padding\" data-elementor-post-type=\"elementor_library\" data-custom-edit-handle=\"1\">\n\t\t\t<div class=\"elementor-element elementor-element-4951c248 e-flex e-con-boxed e-con e-parent\" data-id=\"4951c248\" data-element_type=\"container\" data-e-type=\"container\" data-settings=\"{&quot;jet_parallax_layout_list&quot;:[]}\">\n\t\t\t\t\t<div class=\"e-con-inner\">\n\t\t<div class=\"elementor-element elementor-element-53c434c9 e-flex e-con-boxed e-con e-child\" data-id=\"53c434c9\" data-element_type=\"container\" data-e-type=\"container\" data-settings=\"{&quot;jet_parallax_layout_list&quot;:[]}\">\n\t\t\t\t\t<div class=\"e-con-inner\">\n\t\t\t\t<div class=\"elementor-element elementor-element-5a9c582a elementor-widget elementor-widget-theme-post-featured-image elementor-widget-image\" data-id=\"5a9c582a\" data-element_type=\"widget\" data-e-type=\"widget\" data-widget_type=\"theme-post-featured-image.default\">\n\t\t\t\t\t\t\t\t\t\t\t\t\t\t\t<img decoding=\"async\" width=\"800\" height=\"600\" src=\"https:\/\/anaestelahaddad.com.br\/site\/wp-content\/uploads\/2025\/04\/Lula_USP_090.jpg\" class=\"attachment-large size-large wp-image-6930\" alt=\"S\u00e3o Paulo (SP), 25.01.2024 - 25.01.2024 - Presidente da Rep\u00fablica, Luiz In\u00e1cio Lula da Silva, durante cerim\u00f4nia de celebra\u00e7\u00e3o dos 90 anos da Universidade de S\u00e3o Paulo, com entrega das medalhas Armando de Salles Oliveira e apresenta\u00e7\u00e3o da Orquestra Sinf\u00f4nica da USP, na sala S\u00e3o Paulo. Foto: Ricardo Stuckert\/PR\" srcset=\"https:\/\/anaestelahaddad.com.br\/site\/wp-content\/uploads\/2025\/04\/Lula_USP_090.jpg 800w, https:\/\/anaestelahaddad.com.br\/site\/wp-content\/uploads\/2025\/04\/Lula_USP_090-300x225.jpg 300w, https:\/\/anaestelahaddad.com.br\/site\/wp-content\/uploads\/2025\/04\/Lula_USP_090-768x576.jpg 768w\" sizes=\"(max-width: 800px) 100vw, 800px\" \/>\t\t\t\t\t\t\t\t\t\t\t\t\t\t\t<\/div>\n\t\t\t\t<div class=\"elementor-element elementor-element-56d2e2a7 elementor-widget elementor-widget-theme-post-title elementor-page-title elementor-widget-heading\" data-id=\"56d2e2a7\" data-element_type=\"widget\" data-e-type=\"widget\" data-widget_type=\"theme-post-title.default\">\n\t\t\t\t\t<h4 class=\"elementor-heading-title elementor-size-default\"><a href=\"https:\/\/anaestelahaddad.com.br\/site\/presidente-lula-participa-de-solenidade-dos-90-anos-da-usp\/\">Presidente Lula participa de solenidade dos 90 anos da USP<\/a><\/h4>\t\t\t\t<\/div>\n\t\t\t\t\t<\/div>\n\t\t\t\t<\/div>\n\t\t\t\t\t<\/div>\n\t\t\t\t<\/div>\n\t\t\t\t<\/div>\n\t\t\t\t<div data-elementor-type=\"loop-item\" data-elementor-id=\"4571\" class=\"elementor elementor-4571 e-loop-item e-loop-item-3064 post-3064 post type-post status-publish format-standard has-post-thumbnail hentry category-academico no-featured-image-padding\" data-elementor-post-type=\"elementor_library\" data-custom-edit-handle=\"1\">\n\t\t\t<div class=\"elementor-element elementor-element-4951c248 e-flex e-con-boxed e-con e-parent\" data-id=\"4951c248\" data-element_type=\"container\" data-e-type=\"container\" data-settings=\"{&quot;jet_parallax_layout_list&quot;:[]}\">\n\t\t\t\t\t<div class=\"e-con-inner\">\n\t\t<div class=\"elementor-element elementor-element-53c434c9 e-flex e-con-boxed e-con e-child\" data-id=\"53c434c9\" data-element_type=\"container\" data-e-type=\"container\" data-settings=\"{&quot;jet_parallax_layout_list&quot;:[]}\">\n\t\t\t\t\t<div class=\"e-con-inner\">\n\t\t\t\t<div class=\"elementor-element elementor-element-5a9c582a elementor-widget elementor-widget-theme-post-featured-image elementor-widget-image\" data-id=\"5a9c582a\" data-element_type=\"widget\" data-e-type=\"widget\" data-widget_type=\"theme-post-featured-image.default\">\n\t\t\t\t\t\t\t\t\t\t\t\t\t\t\t<img decoding=\"async\" width=\"800\" height=\"600\" src=\"https:\/\/anaestelahaddad.com.br\/site\/wp-content\/uploads\/2023\/03\/Fiocruz.jpg\" class=\"attachment-large size-large wp-image-3198\" alt=\"Fiocruz Bras\u00edlia (Foto: Reprodu\u00e7\u00e3o \/ Fiocruz Bras\u00edlia)\" srcset=\"https:\/\/anaestelahaddad.com.br\/site\/wp-content\/uploads\/2023\/03\/Fiocruz.jpg 800w, https:\/\/anaestelahaddad.com.br\/site\/wp-content\/uploads\/2023\/03\/Fiocruz-300x225.jpg 300w, https:\/\/anaestelahaddad.com.br\/site\/wp-content\/uploads\/2023\/03\/Fiocruz-768x576.jpg 768w\" sizes=\"(max-width: 800px) 100vw, 800px\" \/>\t\t\t\t\t\t\t\t\t\t\t\t\t\t\t<\/div>\n\t\t\t\t<div class=\"elementor-element elementor-element-56d2e2a7 elementor-widget elementor-widget-theme-post-title elementor-page-title elementor-widget-heading\" data-id=\"56d2e2a7\" data-element_type=\"widget\" data-e-type=\"widget\" data-widget_type=\"theme-post-title.default\">\n\t\t\t\t\t<h4 class=\"elementor-heading-title elementor-size-default\"><a href=\"https:\/\/anaestelahaddad.com.br\/site\/aula-inaugural-da-escola-de-governo-da-fiocruz-brasilia\/\">Aula Inaugural da Escola de Governo da Fiocruz Bras\u00edlia<\/a><\/h4>\t\t\t\t<\/div>\n\t\t\t\t\t<\/div>\n\t\t\t\t<\/div>\n\t\t\t\t\t<\/div>\n\t\t\t\t<\/div>\n\t\t\t\t<\/div>\n\t\t\t\t<\/div>\n\t\t\n\t\t\t\t\t\t<\/div>\n\t\t\t\t<\/div>\n\t\t\t\t<div class=\"elementor-element elementor-element-6694f66 elementor-align-center elementor-widget elementor-widget-button\" data-id=\"6694f66\" data-element_type=\"widget\" data-e-type=\"widget\" data-widget_type=\"button.default\">\n\t\t\t\t\t\t\t\t\t\t<a class=\"elementor-button elementor-button-link elementor-size-sm\" href=\"https:\/\/anaestelahaddad.com.br\/site\/categoria\/academico\/\">\n\t\t\t\t\t\t<span class=\"elementor-button-content-wrapper\">\n\t\t\t\t\t\t\t\t\t<span class=\"elementor-button-text\">Mais not\u00edcias<\/span>\n\t\t\t\t\t<\/span>\n\t\t\t\t\t<\/a>\n\t\t\t\t\t\t\t\t<\/div>\n\t\t\t\t\t<\/div>\n\t\t\t\t<\/div>\n\t\t<div class=\"elementor-element elementor-element-a2eceeb e-flex e-con-boxed e-con e-parent\" data-id=\"a2eceeb\" data-element_type=\"container\" data-e-type=\"container\" data-settings=\"{&quot;background_background&quot;:&quot;classic&quot;,&quot;jet_parallax_layout_list&quot;:[]}\">\n\t\t\t\t\t<div class=\"e-con-inner\">\n\t\t\t\t<div class=\"elementor-element elementor-element-4b7ec23 elementor-widget elementor-widget-heading\" data-id=\"4b7ec23\" data-element_type=\"widget\" data-e-type=\"widget\" data-widget_type=\"heading.default\">\n\t\t\t\t\t<h2 class=\"elementor-heading-title elementor-size-default\">Galeria<\/h2>\t\t\t\t<\/div>\n\t\t\t\t<div class=\"elementor-element elementor-element-f9a1442 elementor-widget elementor-widget-gallery\" data-id=\"f9a1442\" data-element_type=\"widget\" data-e-type=\"widget\" data-settings=\"{&quot;lazyload&quot;:&quot;yes&quot;,&quot;gallery_layout&quot;:&quot;grid&quot;,&quot;columns&quot;:4,&quot;columns_tablet&quot;:2,&quot;columns_mobile&quot;:1,&quot;gap&quot;:{&quot;unit&quot;:&quot;px&quot;,&quot;size&quot;:10,&quot;sizes&quot;:[]},&quot;gap_tablet&quot;:{&quot;unit&quot;:&quot;px&quot;,&quot;size&quot;:10,&quot;sizes&quot;:[]},&quot;gap_mobile&quot;:{&quot;unit&quot;:&quot;px&quot;,&quot;size&quot;:10,&quot;sizes&quot;:[]},&quot;link_to&quot;:&quot;file&quot;,&quot;aspect_ratio&quot;:&quot;3:2&quot;,&quot;overlay_background&quot;:&quot;yes&quot;,&quot;content_hover_animation&quot;:&quot;fade-in&quot;}\" data-widget_type=\"gallery.default\">\n\t\t\t\t\t\t\t<div class=\"elementor-gallery__container\">\n\t\t\t\t\t\t\t<a class=\"e-gallery-item elementor-gallery-item elementor-animated-content\" href=\"https:\/\/anaestelahaddad.com.br\/site\/wp-content\/uploads\/2024\/01\/41-CIOSP_1324.jpg\" data-elementor-open-lightbox=\"yes\" data-elementor-lightbox-slideshow=\"f9a1442\" data-elementor-lightbox-description=\"41\u00ba Congresso Internacional de Odontologia de S\u00e3o Paulo (CIOSP), realizado de 24 a 27 de janeiro de 2024  em S\u00e3o Paulo (Foto: Eduardo Ogata)\" data-e-action-hash=\"#elementor-action%3Aaction%3Dlightbox%26settings%3DeyJpZCI6NTI3OCwidXJsIjoiaHR0cHM6XC9cL2FuYWVzdGVsYWhhZGRhZC5jb20uYnJcL3NpdGVcL3dwLWNvbnRlbnRcL3VwbG9hZHNcLzIwMjRcLzAxXC80MS1DSU9TUF8xMzI0LmpwZyIsInNsaWRlc2hvdyI6ImY5YTE0NDIifQ%3D%3D\">\n\t\t\t\t\t<div class=\"e-gallery-image elementor-gallery-item__image\" data-thumbnail=\"https:\/\/anaestelahaddad.com.br\/site\/wp-content\/uploads\/2024\/01\/41-CIOSP_1324-300x209.jpg\" data-width=\"300\" data-height=\"209\" aria-label=\"\" role=\"img\" ><\/div>\n\t\t\t\t\t\t\t\t\t\t\t<div class=\"elementor-gallery-item__overlay\"><\/div>\n\t\t\t\t\t\t\t\t\t\t\t\t\t\t<\/a>\n\t\t\t\t\t\t\t<a class=\"e-gallery-item elementor-gallery-item elementor-animated-content\" href=\"https:\/\/anaestelahaddad.com.br\/site\/wp-content\/uploads\/2024\/01\/USP-90-Anos_1347.jpg\" data-elementor-open-lightbox=\"yes\" data-elementor-lightbox-slideshow=\"f9a1442\" data-elementor-lightbox-description=\"Cerim\u00f4nia de celebra\u00e7\u00e3o dos 90 anos da Universidade de S\u00e3o Paulo (USP), realizada na cidade de S\u00e3o Paulo no dia 25 de janeiro de 2024 (Foto: Eduardo Ogata)\" data-e-action-hash=\"#elementor-action%3Aaction%3Dlightbox%26settings%3DeyJpZCI6NTI1MywidXJsIjoiaHR0cHM6XC9cL2FuYWVzdGVsYWhhZGRhZC5jb20uYnJcL3NpdGVcL3dwLWNvbnRlbnRcL3VwbG9hZHNcLzIwMjRcLzAxXC9VU1AtOTAtQW5vc18xMzQ3LmpwZyIsInNsaWRlc2hvdyI6ImY5YTE0NDIifQ%3D%3D\">\n\t\t\t\t\t<div class=\"e-gallery-image elementor-gallery-item__image\" data-thumbnail=\"https:\/\/anaestelahaddad.com.br\/site\/wp-content\/uploads\/2024\/01\/USP-90-Anos_1347-300x200.jpg\" data-width=\"300\" data-height=\"200\" aria-label=\"\" role=\"img\" ><\/div>\n\t\t\t\t\t\t\t\t\t\t\t<div class=\"elementor-gallery-item__overlay\"><\/div>\n\t\t\t\t\t\t\t\t\t\t\t\t\t\t<\/a>\n\t\t\t\t\t\t\t<a class=\"e-gallery-item elementor-gallery-item elementor-animated-content\" href=\"https:\/\/anaestelahaddad.com.br\/site\/wp-content\/uploads\/2022\/12\/titular_001.jpg\" data-elementor-open-lightbox=\"yes\" data-elementor-lightbox-slideshow=\"f9a1442\" data-elementor-lightbox-description=\"01\/12\/2022 - Posse como Professores Titulares\nda FOUSP: Profs. Drs. Rodolfo Haltenhoff Melani, Marcelo Cavalcanti e Ana Estela Haddad (Foto: Eduardo Ogata)\" data-e-action-hash=\"#elementor-action%3Aaction%3Dlightbox%26settings%3DeyJpZCI6MTU2MywidXJsIjoiaHR0cHM6XC9cL2FuYWVzdGVsYWhhZGRhZC5jb20uYnJcL3NpdGVcL3dwLWNvbnRlbnRcL3VwbG9hZHNcLzIwMjJcLzEyXC90aXR1bGFyXzAwMS5qcGciLCJzbGlkZXNob3ciOiJmOWExNDQyIn0%3D\">\n\t\t\t\t\t<div class=\"e-gallery-image elementor-gallery-item__image\" data-thumbnail=\"https:\/\/anaestelahaddad.com.br\/site\/wp-content\/uploads\/2022\/12\/titular_001-300x218.jpg\" data-width=\"300\" data-height=\"218\" aria-label=\"Posse como Professora Titular da FOUSP\" role=\"img\" ><\/div>\n\t\t\t\t\t\t\t\t\t\t\t<div class=\"elementor-gallery-item__overlay\"><\/div>\n\t\t\t\t\t\t\t\t\t\t\t\t\t\t<\/a>\n\t\t\t\t\t\t\t<a class=\"e-gallery-item elementor-gallery-item elementor-animated-content\" href=\"https:\/\/anaestelahaddad.com.br\/site\/wp-content\/uploads\/2022\/12\/abrasco_004.jpg\" data-elementor-open-lightbox=\"yes\" data-elementor-lightbox-slideshow=\"f9a1442\" data-elementor-lightbox-description=\"13\u00b0 Abrasc\u00e3o em Salvador: Simp\u00f3sio Internacional de Educa\u00e7\u00e3o e Trabalho em Sa\u00fade, outras atividades e gostosos reencontros!\" data-e-action-hash=\"#elementor-action%3Aaction%3Dlightbox%26settings%3DeyJpZCI6MTU1NiwidXJsIjoiaHR0cHM6XC9cL2FuYWVzdGVsYWhhZGRhZC5jb20uYnJcL3NpdGVcL3dwLWNvbnRlbnRcL3VwbG9hZHNcLzIwMjJcLzEyXC9hYnJhc2NvXzAwNC5qcGciLCJzbGlkZXNob3ciOiJmOWExNDQyIn0%3D\">\n\t\t\t\t\t<div class=\"e-gallery-image elementor-gallery-item__image\" data-thumbnail=\"https:\/\/anaestelahaddad.com.br\/site\/wp-content\/uploads\/2022\/12\/abrasco_004-300x185.jpg\" data-width=\"300\" data-height=\"185\" aria-label=\"3\u00b0 Simp\u00f3sio Internacional Trabalho e Educa\u00e7\u00e3o na Sa\u00fade\" role=\"img\" ><\/div>\n\t\t\t\t\t\t\t\t\t\t\t<div class=\"elementor-gallery-item__overlay\"><\/div>\n\t\t\t\t\t\t\t\t\t\t\t\t\t\t<\/a>\n\t\t\t\t\t<\/div>\n\t\t\t\t\t<\/div>\n\t\t\t\t<div class=\"elementor-element elementor-element-9d3e745 elementor-align-center elementor-widget elementor-widget-button\" data-id=\"9d3e745\" data-element_type=\"widget\" data-e-type=\"widget\" data-widget_type=\"button.default\">\n\t\t\t\t\t\t\t\t\t\t<a class=\"elementor-button elementor-button-link elementor-size-sm\" href=\"https:\/\/anaestelahaddad.com.br\/site\/galerias\/\">\n\t\t\t\t\t\t<span class=\"elementor-button-content-wrapper\">\n\t\t\t\t\t\t\t\t\t<span class=\"elementor-button-text\">Mais galerias<\/span>\n\t\t\t\t\t<\/span>\n\t\t\t\t\t<\/a>\n\t\t\t\t\t\t\t\t<\/div>\n\t\t\t\t\t<\/div>\n\t\t\t\t<\/div>\n\t\t\t\t<\/div>\n\t\t","protected":false},"excerpt":{"rendered":"","protected":false},"author":1,"featured_media":0,"parent":0,"menu_order":0,"comment_status":"closed","ping_status":"closed","template":"","meta":{"_acf_changed":false,"inline_featured_image":false,"pgc_sgb_lightbox_settings":"","footnotes":""},"class_list":["post-1487","page","type-page","status-publish","hentry","no-featured-image-padding"],"acf":[],"_links":{"self":[{"href":"https:\/\/anaestelahaddad.com.br\/site\/wp-json\/wp\/v2\/pages\/1487","targetHints":{"allow":["GET"]}}],"collection":[{"href":"https:\/\/anaestelahaddad.com.br\/site\/wp-json\/wp\/v2\/pages"}],"about":[{"href":"https:\/\/anaestelahaddad.com.br\/site\/wp-json\/wp\/v2\/types\/page"}],"author":[{"embeddable":true,"href":"https:\/\/anaestelahaddad.com.br\/site\/wp-json\/wp\/v2\/users\/1"}],"replies":[{"embeddable":true,"href":"https:\/\/anaestelahaddad.com.br\/site\/wp-json\/wp\/v2\/comments?post=1487"}],"version-history":[{"count":3,"href":"https:\/\/anaestelahaddad.com.br\/site\/wp-json\/wp\/v2\/pages\/1487\/revisions"}],"predecessor-version":[{"id":7774,"href":"https:\/\/anaestelahaddad.com.br\/site\/wp-json\/wp\/v2\/pages\/1487\/revisions\/7774"}],"wp:attachment":[{"href":"https:\/\/anaestelahaddad.com.br\/site\/wp-json\/wp\/v2\/media?parent=1487"}],"curies":[{"name":"wp","href":"https:\/\/api.w.org\/{rel}","templated":true}]}}