{"id":16,"date":"2022-02-19T20:41:21","date_gmt":"2022-02-19T23:41:21","guid":{"rendered":"https:\/\/gpsites.co\/scribe\/?page_id=16"},"modified":"2026-03-25T20:45:54","modified_gmt":"2026-03-25T23:45:54","slug":"sobre","status":"publish","type":"page","link":"https:\/\/anaestelahaddad.com.br\/site\/sobre\/","title":{"rendered":"Sobre"},"content":{"rendered":"\t\t<div data-elementor-type=\"wp-page\" data-elementor-id=\"16\" class=\"elementor elementor-16\" data-elementor-post-type=\"page\">\n\t\t\t\t<div class=\"elementor-element elementor-element-a778260 e-flex e-con-boxed e-con e-parent\" data-id=\"a778260\" data-element_type=\"container\" data-e-type=\"container\" data-settings=\"{&quot;jet_parallax_layout_list&quot;:[]}\">\n\t\t\t\t\t<div class=\"e-con-inner\">\n\t\t\t\t<div class=\"elementor-element elementor-element-c1d124b elementor-widget elementor-widget-text-editor\" data-id=\"c1d124b\" data-element_type=\"widget\" data-e-type=\"widget\" data-widget_type=\"text-editor.default\">\n\t\t\t\t\t\t\t\t\t<p>Ana Estela Haddad \u00e9 Secret\u00e1ria de Informa\u00e7\u00e3o e Sa\u00fade Digital do Minist\u00e9rio da Sa\u00fade. Cirurgi\u00e3-dentista, especialista, mestre, doutora em Odontopediatria e professora titular da Faculdade de Odontologia da Universidade de S\u00e3o Paulo (USP), re\u00fane s\u00f3lida trajet\u00f3ria acad\u00eamica e mais de duas d\u00e9cadas de atua\u00e7\u00e3o na formula\u00e7\u00e3o, implementa\u00e7\u00e3o e gest\u00e3o de pol\u00edticas p\u00fablicas nas \u00e1reas de educa\u00e7\u00e3o, sa\u00fade, inf\u00e2ncia e intersetorialidade.<\/p><p>No Minist\u00e9rio da Educa\u00e7\u00e3o, atuou na assessoria de ministros e participou da idealiza\u00e7\u00e3o, formula\u00e7\u00e3o e implementa\u00e7\u00e3o do Programa Universidade para Todos (ProUni), um dos marcos na democratiza\u00e7\u00e3o do acesso ao ensino superior no Brasil. J\u00e1 no Minist\u00e9rio da Sa\u00fade, liderou a Diretoria de Gest\u00e3o da Educa\u00e7\u00e3o na Sa\u00fade (DEGES\/SGTES), onde foi respons\u00e1vel pela pol\u00edtica nacional de forma\u00e7\u00e3o e educa\u00e7\u00e3o permanente dos profissionais de sa\u00fade.<\/p><p>Entre suas principais realiza\u00e7\u00f5es, destacam-se a idealiza\u00e7\u00e3o e implementa\u00e7\u00e3o dos programas PET-Sa\u00fade e Telessa\u00fade Brasil, al\u00e9m da condu\u00e7\u00e3o de iniciativas estrat\u00e9gicas como o reconhecimento das resid\u00eancias multiprofissionais em sa\u00fade e a cria\u00e7\u00e3o da Comiss\u00e3o Nacional de Resid\u00eancias Multiprofissionais, em parceria com o Minist\u00e9rio da Educa\u00e7\u00e3o.<\/p><p>No campo da inf\u00e2ncia, Ana Estela \u00e9 uma das representantes do Brasil na Red de L\u00edderes por la Primera Infancia, iniciativa criada pela ex-presidenta do Chile, Michelle Bachelet. Esse reconhecimento internacional foi alcan\u00e7ado por seu trabalho \u00e0 frente do Programa S\u00e3o Paulo Carinhosa \u2014 pol\u00edtica p\u00fablica implementada no munic\u00edpio de S\u00e3o Paulo entre 2013 e 2016, que articulou 14 secretarias de governo em torno da promo\u00e7\u00e3o do cuidado integral \u00e0 inf\u00e2ncia.<\/p><p>Em 2023, Ana Estela retornou ao Minist\u00e9rio da Sa\u00fade para liderar a implanta\u00e7\u00e3o da Secretaria de Informa\u00e7\u00e3o e Sa\u00fade Digital (SEIDIGI\/MS), estruturando pol\u00edticas para a transforma\u00e7\u00e3o digital do SUS e reafirmando seu compromisso com a inova\u00e7\u00e3o, a equidade e a promo\u00e7\u00e3o do direito \u00e0 sa\u00fade para toda a popula\u00e7\u00e3o.<\/p>\t\t\t\t\t\t\t\t<\/div>\n\t\t\t\t<div class=\"elementor-element elementor-element-7abd848 elementor-widget elementor-widget-heading\" data-id=\"7abd848\" data-element_type=\"widget\" data-e-type=\"widget\" data-widget_type=\"heading.default\">\n\t\t\t\t\t<h2 class=\"elementor-heading-title elementor-size-default\">Links<\/h2>\t\t\t\t<\/div>\n\t\t\t\t<div class=\"elementor-element elementor-element-2ec5c1a link-low elementor-widget elementor-widget-text-editor\" data-id=\"2ec5c1a\" data-element_type=\"widget\" data-e-type=\"widget\" data-widget_type=\"text-editor.default\">\n\t\t\t\t\t\t\t\t\t<p><a href=\"https:\/\/sites.usp.br\/telessaude\/\" target=\"_blank\" rel=\"noopener\">https:\/\/sites.usp.br\/telessaude\/<\/a><\/p><p><a href=\"https:\/\/www.youtube.com\/telessaudeFOUSP-SAITE\" target=\"_blank\" rel=\"noreferrer noopener\">https:\/\/www.youtube.com\/telessaudeFOUSP-SAITE<\/a><\/p><p>Lattes:\u00a0<a href=\"http:\/\/lattes.cnpq.br\/5132173662388670\" target=\"_blank\" rel=\"noreferrer noopener\">http:\/\/lattes.cnpq.br\/5132173662388670\u00a0<\/a><\/p><p>WOS: ResearchID\u00a0<a href=\"https:\/\/publons.com\/wos-op\/researcher\/2670168\/ana-estela-haddad\/\" target=\"_blank\" rel=\"noreferrer noopener\">B-7193-2013<\/a><\/p><p>ORCID:<a href=\"https:\/\/orcid.org\/0000-0002-0693-9014\" target=\"_blank\" rel=\"noreferrer noopener\">\u00a0https:\/\/orcid.org\/0000-0002-0693-9014<\/a><\/p><p><a href=\"https:\/\/www.linkedin.com\/in\/ana-estela-haddad-815754112\/\" target=\"_blank\" rel=\"noreferrer noopener\">https:\/\/www.linkedin.com\/in\/ana-estela-haddad-815754112\/<\/a><\/p><p><a href=\"https:\/\/www.iea.usp.br\/pesquisa\/nucleos-de-apoio-a-pesquisa\/escola-da-metropole\" target=\"_blank\" rel=\"noopener\">https:\/\/www.iea.usp.br\/pesquisa\/nucleos-de-apoio-a-pesquisa\/escola-da-metropole<\/a><\/p>\t\t\t\t\t\t\t\t<\/div>\n\t\t\t\t\t<\/div>\n\t\t\t\t<\/div>\n\t\t<div class=\"elementor-element elementor-element-75b2ca7 e-flex e-con-boxed e-con e-parent\" data-id=\"75b2ca7\" data-element_type=\"container\" data-e-type=\"container\" data-settings=\"{&quot;background_background&quot;:&quot;classic&quot;,&quot;jet_parallax_layout_list&quot;:[]}\">\n\t\t\t\t\t<div class=\"e-con-inner\">\n\t\t\t\t<div class=\"elementor-element elementor-element-b423492 elementor-widget elementor-widget-heading\" data-id=\"b423492\" data-element_type=\"widget\" data-e-type=\"widget\" data-widget_type=\"heading.default\">\n\t\t\t\t\t<h2 class=\"elementor-heading-title elementor-size-default\">Galeria<\/h2>\t\t\t\t<\/div>\n\t\t\t\t<div class=\"elementor-element elementor-element-bd824f5 elementor-widget elementor-widget-gallery\" data-id=\"bd824f5\" data-element_type=\"widget\" data-e-type=\"widget\" data-settings=\"{&quot;lazyload&quot;:&quot;yes&quot;,&quot;gallery_layout&quot;:&quot;grid&quot;,&quot;columns&quot;:4,&quot;columns_tablet&quot;:2,&quot;columns_mobile&quot;:1,&quot;gap&quot;:{&quot;unit&quot;:&quot;px&quot;,&quot;size&quot;:10,&quot;sizes&quot;:[]},&quot;gap_tablet&quot;:{&quot;unit&quot;:&quot;px&quot;,&quot;size&quot;:10,&quot;sizes&quot;:[]},&quot;gap_mobile&quot;:{&quot;unit&quot;:&quot;px&quot;,&quot;size&quot;:10,&quot;sizes&quot;:[]},&quot;link_to&quot;:&quot;file&quot;,&quot;aspect_ratio&quot;:&quot;3:2&quot;,&quot;overlay_background&quot;:&quot;yes&quot;,&quot;content_hover_animation&quot;:&quot;fade-in&quot;}\" data-widget_type=\"gallery.default\">\n\t\t\t\t\t\t\t<div class=\"elementor-gallery__container\">\n\t\t\t\t\t\t\t<a class=\"e-gallery-item elementor-gallery-item elementor-animated-content\" href=\"https:\/\/anaestelahaddad.com.br\/site\/wp-content\/uploads\/2024\/01\/41-CIOSP_1324.jpg\" data-elementor-open-lightbox=\"yes\" data-elementor-lightbox-slideshow=\"bd824f5\" data-elementor-lightbox-description=\"41\u00ba Congresso Internacional de Odontologia de S\u00e3o Paulo (CIOSP), realizado de 24 a 27 de janeiro de 2024  em S\u00e3o Paulo (Foto: Eduardo Ogata)\" data-e-action-hash=\"#elementor-action%3Aaction%3Dlightbox%26settings%3DeyJpZCI6NTI3OCwidXJsIjoiaHR0cHM6XC9cL2FuYWVzdGVsYWhhZGRhZC5jb20uYnJcL3NpdGVcL3dwLWNvbnRlbnRcL3VwbG9hZHNcLzIwMjRcLzAxXC80MS1DSU9TUF8xMzI0LmpwZyIsInNsaWRlc2hvdyI6ImJkODI0ZjUifQ%3D%3D\">\n\t\t\t\t\t<div class=\"e-gallery-image elementor-gallery-item__image\" data-thumbnail=\"https:\/\/anaestelahaddad.com.br\/site\/wp-content\/uploads\/2024\/01\/41-CIOSP_1324-300x209.jpg\" data-width=\"300\" data-height=\"209\" aria-label=\"\" role=\"img\" ><\/div>\n\t\t\t\t\t\t\t\t\t\t\t<div class=\"elementor-gallery-item__overlay\"><\/div>\n\t\t\t\t\t\t\t\t\t\t\t\t\t\t<\/a>\n\t\t\t\t\t\t\t<a class=\"e-gallery-item elementor-gallery-item elementor-animated-content\" href=\"https:\/\/anaestelahaddad.com.br\/site\/wp-content\/uploads\/2024\/01\/USP-90-Anos_1347.jpg\" data-elementor-open-lightbox=\"yes\" data-elementor-lightbox-slideshow=\"bd824f5\" data-elementor-lightbox-description=\"Cerim\u00f4nia de celebra\u00e7\u00e3o dos 90 anos da Universidade de S\u00e3o Paulo (USP), realizada na cidade de S\u00e3o Paulo no dia 25 de janeiro de 2024 (Foto: Eduardo Ogata)\" data-e-action-hash=\"#elementor-action%3Aaction%3Dlightbox%26settings%3DeyJpZCI6NTI1MywidXJsIjoiaHR0cHM6XC9cL2FuYWVzdGVsYWhhZGRhZC5jb20uYnJcL3NpdGVcL3dwLWNvbnRlbnRcL3VwbG9hZHNcLzIwMjRcLzAxXC9VU1AtOTAtQW5vc18xMzQ3LmpwZyIsInNsaWRlc2hvdyI6ImJkODI0ZjUifQ%3D%3D\">\n\t\t\t\t\t<div class=\"e-gallery-image elementor-gallery-item__image\" data-thumbnail=\"https:\/\/anaestelahaddad.com.br\/site\/wp-content\/uploads\/2024\/01\/USP-90-Anos_1347-300x200.jpg\" data-width=\"300\" data-height=\"200\" aria-label=\"\" role=\"img\" ><\/div>\n\t\t\t\t\t\t\t\t\t\t\t<div class=\"elementor-gallery-item__overlay\"><\/div>\n\t\t\t\t\t\t\t\t\t\t\t\t\t\t<\/a>\n\t\t\t\t\t\t\t<a class=\"e-gallery-item elementor-gallery-item elementor-animated-content\" href=\"https:\/\/anaestelahaddad.com.br\/site\/wp-content\/uploads\/2022\/12\/titular_001.jpg\" data-elementor-open-lightbox=\"yes\" data-elementor-lightbox-slideshow=\"bd824f5\" data-elementor-lightbox-description=\"01\/12\/2022 - Posse como Professores Titulares\nda FOUSP: Profs. Drs. Rodolfo Haltenhoff Melani, Marcelo Cavalcanti e Ana Estela Haddad (Foto: Eduardo Ogata)\" data-e-action-hash=\"#elementor-action%3Aaction%3Dlightbox%26settings%3DeyJpZCI6MTU2MywidXJsIjoiaHR0cHM6XC9cL2FuYWVzdGVsYWhhZGRhZC5jb20uYnJcL3NpdGVcL3dwLWNvbnRlbnRcL3VwbG9hZHNcLzIwMjJcLzEyXC90aXR1bGFyXzAwMS5qcGciLCJzbGlkZXNob3ciOiJiZDgyNGY1In0%3D\">\n\t\t\t\t\t<div class=\"e-gallery-image elementor-gallery-item__image\" data-thumbnail=\"https:\/\/anaestelahaddad.com.br\/site\/wp-content\/uploads\/2022\/12\/titular_001-300x218.jpg\" data-width=\"300\" data-height=\"218\" aria-label=\"Posse como Professora Titular da FOUSP\" role=\"img\" ><\/div>\n\t\t\t\t\t\t\t\t\t\t\t<div class=\"elementor-gallery-item__overlay\"><\/div>\n\t\t\t\t\t\t\t\t\t\t\t\t\t\t<\/a>\n\t\t\t\t\t\t\t<a class=\"e-gallery-item elementor-gallery-item elementor-animated-content\" href=\"https:\/\/anaestelahaddad.com.br\/site\/wp-content\/uploads\/2022\/12\/abrasco_004.jpg\" data-elementor-open-lightbox=\"yes\" data-elementor-lightbox-slideshow=\"bd824f5\" data-elementor-lightbox-description=\"13\u00b0 Abrasc\u00e3o em Salvador: Simp\u00f3sio Internacional de Educa\u00e7\u00e3o e Trabalho em Sa\u00fade, outras atividades e gostosos reencontros!\" data-e-action-hash=\"#elementor-action%3Aaction%3Dlightbox%26settings%3DeyJpZCI6MTU1NiwidXJsIjoiaHR0cHM6XC9cL2FuYWVzdGVsYWhhZGRhZC5jb20uYnJcL3NpdGVcL3dwLWNvbnRlbnRcL3VwbG9hZHNcLzIwMjJcLzEyXC9hYnJhc2NvXzAwNC5qcGciLCJzbGlkZXNob3ciOiJiZDgyNGY1In0%3D\">\n\t\t\t\t\t<div class=\"e-gallery-image elementor-gallery-item__image\" data-thumbnail=\"https:\/\/anaestelahaddad.com.br\/site\/wp-content\/uploads\/2022\/12\/abrasco_004-300x185.jpg\" data-width=\"300\" data-height=\"185\" aria-label=\"3\u00b0 Simp\u00f3sio Internacional Trabalho e Educa\u00e7\u00e3o na Sa\u00fade\" role=\"img\" ><\/div>\n\t\t\t\t\t\t\t\t\t\t\t<div class=\"elementor-gallery-item__overlay\"><\/div>\n\t\t\t\t\t\t\t\t\t\t\t\t\t\t<\/a>\n\t\t\t\t\t<\/div>\n\t\t\t\t\t<\/div>\n\t\t\t\t<div class=\"elementor-element elementor-element-be17e50 elementor-align-center elementor-widget elementor-widget-button\" data-id=\"be17e50\" data-element_type=\"widget\" data-e-type=\"widget\" data-widget_type=\"button.default\">\n\t\t\t\t\t\t\t\t\t\t<a class=\"elementor-button elementor-button-link elementor-size-sm\" href=\"https:\/\/anaestelahaddad.com.br\/site\/galerias\/\">\n\t\t\t\t\t\t<span class=\"elementor-button-content-wrapper\">\n\t\t\t\t\t\t\t\t\t<span class=\"elementor-button-text\">Mais galerias<\/span>\n\t\t\t\t\t<\/span>\n\t\t\t\t\t<\/a>\n\t\t\t\t\t\t\t\t<\/div>\n\t\t\t\t\t<\/div>\n\t\t\t\t<\/div>\n\t\t\t\t<\/div>\n\t\t","protected":false},"excerpt":{"rendered":"","protected":false},"author":1,"featured_media":1920,"parent":0,"menu_order":0,"comment_status":"closed","ping_status":"closed","template":"","meta":{"_acf_changed":false,"inline_featured_image":false,"pgc_sgb_lightbox_settings":"","footnotes":""},"class_list":{"0":"post-16","1":"page","2":"type-page","3":"status-publish","4":"has-post-thumbnail","6":"no-featured-image-padding"},"acf":[],"_links":{"self":[{"href":"https:\/\/anaestelahaddad.com.br\/site\/wp-json\/wp\/v2\/pages\/16","targetHints":{"allow":["GET"]}}],"collection":[{"href":"https:\/\/anaestelahaddad.com.br\/site\/wp-json\/wp\/v2\/pages"}],"about":[{"href":"https:\/\/anaestelahaddad.com.br\/site\/wp-json\/wp\/v2\/types\/page"}],"author":[{"embeddable":true,"href":"https:\/\/anaestelahaddad.com.br\/site\/wp-json\/wp\/v2\/users\/1"}],"replies":[{"embeddable":true,"href":"https:\/\/anaestelahaddad.com.br\/site\/wp-json\/wp\/v2\/comments?post=16"}],"version-history":[{"count":16,"href":"https:\/\/anaestelahaddad.com.br\/site\/wp-json\/wp\/v2\/pages\/16\/revisions"}],"predecessor-version":[{"id":8368,"href":"https:\/\/anaestelahaddad.com.br\/site\/wp-json\/wp\/v2\/pages\/16\/revisions\/8368"}],"wp:featuredmedia":[{"embeddable":true,"href":"https:\/\/anaestelahaddad.com.br\/site\/wp-json\/wp\/v2\/media\/1920"}],"wp:attachment":[{"href":"https:\/\/anaestelahaddad.com.br\/site\/wp-json\/wp\/v2\/media?parent=16"}],"curies":[{"name":"wp","href":"https:\/\/api.w.org\/{rel}","templated":true}]}}